{"id":70,"date":"2022-10-21T11:23:44","date_gmt":"2022-10-21T11:23:44","guid":{"rendered":"https:\/\/PremiosDUX.canalceo.com\/?page_id=70"},"modified":"2024-03-26T08:19:54","modified_gmt":"2024-03-26T08:19:54","slug":"registra-tu-candidatura","status":"publish","type":"page","link":"https:\/\/PremiosDUX.canalceo.com\/?page_id=70","title":{"rendered":"Registra tu candidatura"},"content":{"rendered":"<p>[et_pb_section fb_built=\u00bb1&#8243; _builder_version=\u00bb4.18.0&#8243; _module_preset=\u00bbdefault\u00bb background_color=\u00bbgcid-e0f79c15-c16d-4620-a3f7-05490d070acb\u00bb custom_margin=\u00bb||||false|false\u00bb custom_padding=\u00bb150px||||false|false\u00bb locked=\u00bboff\u00bb global_colors_info=\u00bb{%22gcid-e0f79c15-c16d-4620-a3f7-05490d070acb%22:%91%22background_color%22%93}\u00bb][et_pb_row column_structure=\u00bb2_5,3_5&#8243; _builder_version=\u00bb4.18.0&#8243; _module_preset=\u00bbdefault\u00bb width=\u00bb50%\u00bb custom_margin=\u00bb||||false|false\u00bb custom_padding=\u00bb||0px||false|false\u00bb global_colors_info=\u00bb{}\u00bb][et_pb_column type=\u00bb2_5&#8243; _builder_version=\u00bb4.18.0&#8243; _module_preset=\u00bbdefault\u00bb global_colors_info=\u00bb{}\u00bb][et_pb_image src=\u00bbhttps:\/\/PremiosDUX.canalceo.com\/wp-content\/uploads\/2022\/10\/logo-premios-DUX_K.svg\u00bb alt=\u00bblogo premios DUX\u00bb title_text=\u00bblogo premios DUX_K\u00bb _builder_version=\u00bb4.18.0&#8243; _module_preset=\u00bbdefault\u00bb transform_scale_linked=\u00bboff\u00bb transform_translate=\u00bb0px|-86px\u00bb transform_translate_linked=\u00bboff\u00bb animation_style=\u00bbslide\u00bb animation_direction=\u00bbleft\u00bb global_colors_info=\u00bb{}\u00bb][\/et_pb_image][\/et_pb_column][et_pb_column type=\u00bb3_5&#8243; _builder_version=\u00bb4.18.0&#8243; _module_preset=\u00bbdefault\u00bb global_colors_info=\u00bb{}\u00bb][et_pb_image src=\u00bbhttps:\/\/PremiosDUX.canalceo.com\/wp-content\/uploads\/2022\/10\/siluetasceos.svg\u00bb alt=\u00bbSiluetas de directivos\u00bb title_text=\u00bbsiluetasceos\u00bb align=\u00bbright\u00bb _builder_version=\u00bb4.18.0&#8243; _module_preset=\u00bbdefault\u00bb width=\u00bb100%\u00bb animation_style=\u00bbslide\u00bb animation_direction=\u00bbbottom\u00bb global_colors_info=\u00bb{}\u00bb][\/et_pb_image][\/et_pb_column][\/et_pb_row][\/et_pb_section][et_pb_section fb_built=\u00bb1&#8243; _builder_version=\u00bb4.18.0&#8243; _module_preset=\u00bbdefault\u00bb global_colors_info=\u00bb{}\u00bb][et_pb_row column_structure=\u00bb3_5,2_5&#8243; _builder_version=\u00bb4.18.0&#8243; _module_preset=\u00bbdefault\u00bb global_colors_info=\u00bb{}\u00bb][et_pb_column type=\u00bb3_5&#8243; _builder_version=\u00bb4.18.0&#8243; _module_preset=\u00bbdefault\u00bb global_colors_info=\u00bb{}\u00bb][et_pb_text _builder_version=\u00bb4.18.0&#8243; _module_preset=\u00bbdefault\u00bb header_6_text_color=\u00bbgcid-977f768d-0f41-427a-8c2c-610ef34d27ac\u00bb header_6_font_size=\u00bb100px\u00bb transform_scale=\u00bb207%|207%\u00bb transform_translate=\u00bb125px|28px\u00bb transform_translate_linked=\u00bboff\u00bb z_index=\u00bb-500&#8243; global_colors_info=\u00bb{%22gcid-977f768d-0f41-427a-8c2c-610ef34d27ac%22:%91%22header_6_text_color%22%93}\u00bb][\/et_pb_text][et_pb_text _builder_version=\u00bb4.24.0&#8243; _module_preset=\u00bbdefault\u00bb global_colors_info=\u00bb{}\u00bb]<\/p>\n<h3><\/h3>\n<h3><strong>Categor\u00edas de los Premios DUX Canal CEO<\/strong><\/h3>\n<p>Los galardones premian, por un jurado de prestigio presidido por Manuel Pimentel, la promoci\u00f3n de un nuevo liderazgo en el seno de las empresas a trav\u00e9s de acciones, h\u00e1bitos y comportamientos cuyo objetivo es el desarrollo del potencial de las personas, desde un enfoque hol\u00edstico, para abordar con \u00e9xito los desaf\u00edos y retos de la nueva econom\u00eda.<\/p>\n<p><span>Los premios se dar\u00e1n a conocer en el transcurso de la tercera edici\u00f3n de los PREMIOS DUX CANAL CEO. Durante la ceremonia se har\u00e1 acto de entrega de los galardones a los ganadores:<\/span><\/p>\n<ol>\n<li><strong>Galard\u00f3n DUX del a\u00f1o <\/strong>(a propuesta del jurado).<\/li>\n<li><strong>Galard\u00f3n CEO por el Bienestar.\u00a0<\/strong><\/li>\n<li><strong>Galard\u00f3n CEO por el Compromiso e Impacto Social.<\/strong><\/li>\n<li><strong>Galard\u00f3n CEO por la Diversidad<\/strong>.<\/li>\n<li><strong>Galard\u00f3n CEO por la Innovaci\u00f3n<\/strong>.<\/li>\n<li><strong>Galard\u00f3n CEO por el Talento.<\/strong><\/li>\n<li><strong>Galard\u00f3n CEO por la Sostenibilidad.<\/strong><\/li>\n<li><strong>Galard\u00f3n CEO por el futuro.<\/strong><\/li>\n<li><strong>A<span>cc\u00e9sit Liderazgo emergente <\/span><\/strong>(a propuesta del jurado).<strong><\/strong><\/li>\n<\/ol>\n<p><iframe loading=\"lazy\" title=\"YouTube video player\" src=\"https:\/\/www.youtube.com\/embed\/dO1vZ-kmr6s\" width=\"560\" height=\"315\" frameborder=\"0\" allowfullscreen=\"allowfullscreen\"><\/iframe><\/p>\n<div class=\"g g-3\">\n<div class=\"g-single a-36\"><\/div>\n<\/div>\n<h2>Modo de inscripci\u00f3n en los Premios DUX Canal CEO<\/h2>\n<p>Puede presentar inscripci\u00f3n a los premios CANAL CEO todo alto directivo o empresa que, por su estilo de direcci\u00f3n, se considere merecedor de un premio en alguna de sus categor\u00edas.\u00a0Los miembros del jurado tambi\u00e9n pueden proponer candidaturas, con el previo conocimiento y aceptaci\u00f3n de la empresa candidata.<\/p>\n<p><strong>El per\u00edodo de presentaci\u00f3n de casos va del <span>1 de febrero al 8 de abril de 2024<\/span>.<\/strong><span>\u00a0<\/span>Se enviar\u00e1n por correo electr\u00f3nico, dentro del plazo previsto, y rellenando los aspectos indicados por la organizaci\u00f3n. La documentaci\u00f3n, que puede encontrarse en esta misma p\u00e1gina web, deber\u00e1 enviarse a <span style=\"color: #0c71c3;\"><a href=\"mailto:premiosDUX@canalceo.com\" style=\"color: #0c71c3;\">premiosDUX@canalceo.com<\/a><\/span>.<\/p>\n<p>Cualquier candidato puede presentar documentaci\u00f3n anexa al formulario proporcionado por la organizaci\u00f3n (fotograf\u00edas, v\u00eddeos, presentaciones, acreditaciones\u2026). Todo material extra ser\u00e1 tenido en cuenta a la hora de profundizar en los diferentes casos.<\/p>\n<p>M\u00e1s informaci\u00f3n en las<a href=\"https:\/\/PremiosDUX.canalceo.com\/wp-content\/uploads\/2024\/02\/Bases_Premios_DUX_2024-2.pdf\" target=\"_blank\" rel=\"noopener\"><span style=\"color: #3366ff;\"> \u00a0<\/span><span style=\"text-decoration: underline;\"><span style=\"color: #3366ff; text-decoration: underline;\">bases de los Premios DUX.<\/span><\/span><\/a><\/p>\n<p>[\/et_pb_text][\/et_pb_column][et_pb_column type=\u00bb2_5&#8243; _builder_version=\u00bb4.18.0&#8243; _module_preset=\u00bbdefault\u00bb global_colors_info=\u00bb{}\u00bb][et_pb_code _builder_version=\u00bb4.24.0&#8243; _module_preset=\u00bbdefault\u00bb global_colors_info=\u00bb{}\u00bb]<iframe loading=\"lazy\" width=\"540\" height=\"2005\" src=\"https:\/\/1192f766.sibforms.com\/serve\/MUIFAGs6XzGXLHqKZ5OdNUKOmtsoSrH6BLFUp9lRg_4LdZkoLfAU30DFpwbkQR59sr_U8RVcP8uGW98r8AqtxBKNRUs1Gde024LXtG2Xn6ujcpTkEAZKzzmBRqGXrTmetVRsDAr_dsRzr_Z0U9rOpi7AbzmmdoyM2bzhSLUrUb_1s3hPo5Scdt2-4CW6byMgqVfiZlxYjGzET2HP\" frameborder=\"0\" scrolling=\"auto\" allowfullscreen style=\"display: block;margin-left: auto;margin-right: auto;max-width: 100%;\"><\/iframe>[\/et_pb_code][\/et_pb_column][\/et_pb_row][\/et_pb_section][et_pb_section fb_built=\u00bb1&#8243; _builder_version=\u00bb4.18.0&#8243; _module_preset=\u00bbdefault\u00bb background_color=\u00bbgcid-e0f79c15-c16d-4620-a3f7-05490d070acb\u00bb global_colors_info=\u00bb{%22gcid-e0f79c15-c16d-4620-a3f7-05490d070acb%22:%91%22background_color%22%93}\u00bb][et_pb_row _builder_version=\u00bb4.18.0&#8243; _module_preset=\u00bbdefault\u00bb global_colors_info=\u00bb{}\u00bb][et_pb_column type=\u00bb4_4&#8243; _builder_version=\u00bb4.18.0&#8243; _module_preset=\u00bbdefault\u00bb global_colors_info=\u00bb{}\u00bb][et_pb_text _builder_version=\u00bb4.18.0&#8243; _module_preset=\u00bbdefault\u00bb global_colors_info=\u00bb{}\u00bb]<\/p>\n<h1>Descarga de plantillas de candidatura<\/h1>\n<p>[\/et_pb_text][\/et_pb_column][\/et_pb_row][et_pb_row column_structure=\u00bb1_4,1_4,1_4,1_4&#8243; _builder_version=\u00bb4.18.0&#8243; _module_preset=\u00bbdefault\u00bb global_colors_info=\u00bb{}\u00bb][et_pb_column type=\u00bb1_4&#8243; _builder_version=\u00bb4.18.0&#8243; _module_preset=\u00bbdefault\u00bb global_colors_info=\u00bb{}\u00bb][et_pb_button button_url=\u00bbhttps:\/\/PremiosDUX.canalceo.com\/wp-content\/uploads\/2024\/03\/PLANTILLA_Candidatura_Compromiso.pptx\u00bb url_new_window=\u00bbon\u00bb button_text=\u00bbCompromiso\u00bb button_alignment=\u00bbcenter\u00bb _builder_version=\u00bb4.24.2&#8243; _module_preset=\u00bbdefault\u00bb custom_button=\u00bbon\u00bb button_bg_color=\u00bb#000000&#8243; button_border_width=\u00bb0px\u00bb button_icon=\u00bb&#x39;||divi||400&#8243; hover_enabled=\u00bb0&#8243; custom_css_main_element=\u00bbwidth:100%;\u00bb global_colors_info=\u00bb{}\u00bb sticky_enabled=\u00bb0&#8243;][\/et_pb_button][et_pb_button button_url=\u00bbhttps:\/\/PremiosDUX.canalceo.com\/wp-content\/uploads\/2024\/03\/PLANTILLA_Candidatura_Sostenibilidad.pptx\u00bb url_new_window=\u00bbon\u00bb button_text=\u00bbSostenibilidad\u00bb button_alignment=\u00bbcenter\u00bb _builder_version=\u00bb4.24.2&#8243; _module_preset=\u00bbdefault\u00bb custom_button=\u00bbon\u00bb button_bg_color=\u00bb#000000&#8243; button_border_width=\u00bb0px\u00bb button_icon=\u00bb&#x39;||divi||400&#8243; hover_enabled=\u00bb0&#8243; custom_css_main_element=\u00bbwidth:100%;\u00bb global_colors_info=\u00bb{}\u00bb sticky_enabled=\u00bb0&#8243;][\/et_pb_button][\/et_pb_column][et_pb_column type=\u00bb1_4&#8243; _builder_version=\u00bb4.18.0&#8243; _module_preset=\u00bbdefault\u00bb global_colors_info=\u00bb{}\u00bb][et_pb_button button_url=\u00bbhttps:\/\/PremiosDUX.canalceo.com\/wp-content\/uploads\/2024\/03\/PLANTILLA_Candidatura_Diversidad.pptx\u00bb url_new_window=\u00bbon\u00bb button_text=\u00bbDiversidad\u00bb button_alignment=\u00bbcenter\u00bb _builder_version=\u00bb4.24.2&#8243; _module_preset=\u00bbdefault\u00bb custom_button=\u00bbon\u00bb button_bg_color=\u00bb#000000&#8243; button_border_width=\u00bb0px\u00bb button_icon=\u00bb&#x39;||divi||400&#8243; hover_enabled=\u00bb0&#8243; custom_css_main_element=\u00bbwidth:100%;\u00bb global_colors_info=\u00bb{}\u00bb sticky_enabled=\u00bb0&#8243;][\/et_pb_button][et_pb_button button_url=\u00bbhttps:\/\/PremiosDUX.canalceo.com\/wp-content\/uploads\/2024\/03\/PLANTILLA_Candidatura_Innovacion.pptx\u00bb url_new_window=\u00bbon\u00bb button_text=\u00bbInnovaci\u00f3n\u00bb button_alignment=\u00bbcenter\u00bb _builder_version=\u00bb4.24.2&#8243; _module_preset=\u00bbdefault\u00bb custom_button=\u00bbon\u00bb button_bg_color=\u00bb#000000&#8243; button_border_width=\u00bb0px\u00bb button_icon=\u00bb&#x39;||divi||400&#8243; hover_enabled=\u00bb0&#8243; custom_css_main_element=\u00bbwidth:100%;\u00bb global_colors_info=\u00bb{}\u00bb sticky_enabled=\u00bb0&#8243;][\/et_pb_button][\/et_pb_column][et_pb_column type=\u00bb1_4&#8243; _builder_version=\u00bb4.18.0&#8243; _module_preset=\u00bbdefault\u00bb global_colors_info=\u00bb{}\u00bb][et_pb_button button_url=\u00bbhttps:\/\/PremiosDUX.canalceo.com\/wp-content\/uploads\/2024\/03\/PLANTILLA_Candidaturas_Bienestar.pptx\u00bb url_new_window=\u00bbon\u00bb button_text=\u00bbBienestar\u00bb button_alignment=\u00bbcenter\u00bb _builder_version=\u00bb4.24.2&#8243; _module_preset=\u00bbdefault\u00bb custom_button=\u00bbon\u00bb button_bg_color=\u00bb#000000&#8243; button_border_width=\u00bb0px\u00bb button_icon=\u00bb&#x39;||divi||400&#8243; hover_enabled=\u00bb0&#8243; custom_css_main_element=\u00bbwidth:100%;\u00bb global_colors_info=\u00bb{}\u00bb sticky_enabled=\u00bb0&#8243;][\/et_pb_button][et_pb_button button_url=\u00bbhttps:\/\/PremiosDUX.canalceo.com\/wp-content\/uploads\/2024\/03\/PLANTILLA_Candidatura_Futuro.pptx\u00bb url_new_window=\u00bbon\u00bb button_text=\u00bbFuturo\u00bb button_alignment=\u00bbcenter\u00bb _builder_version=\u00bb4.24.2&#8243; _module_preset=\u00bbdefault\u00bb custom_button=\u00bbon\u00bb button_bg_color=\u00bb#000000&#8243; button_border_width=\u00bb0px\u00bb button_icon=\u00bb&#x39;||divi||400&#8243; hover_enabled=\u00bb0&#8243; custom_css_main_element=\u00bbwidth:100%;\u00bb global_colors_info=\u00bb{}\u00bb sticky_enabled=\u00bb0&#8243;][\/et_pb_button][\/et_pb_column][et_pb_column type=\u00bb1_4&#8243; _builder_version=\u00bb4.18.0&#8243; _module_preset=\u00bbdefault\u00bb global_colors_info=\u00bb{}\u00bb][et_pb_button button_url=\u00bbhttps:\/\/PremiosDUX.canalceo.com\/wp-content\/uploads\/2024\/03\/PLANTILLA_Candidatura_Talento.pptx\u00bb url_new_window=\u00bbon\u00bb button_text=\u00bbTalento\u00bb button_alignment=\u00bbcenter\u00bb _builder_version=\u00bb4.24.2&#8243; _module_preset=\u00bbdefault\u00bb custom_button=\u00bbon\u00bb button_bg_color=\u00bb#000000&#8243; button_border_width=\u00bb0px\u00bb button_icon=\u00bb&#x39;||divi||400&#8243; hover_enabled=\u00bb0&#8243; custom_css_main_element=\u00bbwidth:100%;\u00bb global_colors_info=\u00bb{}\u00bb sticky_enabled=\u00bb0&#8243;][\/et_pb_button][\/et_pb_column][\/et_pb_row][\/et_pb_section]<\/p>\n","protected":false},"excerpt":{"rendered":"<p>Categor\u00edas de los Premios DUX Canal CEO Los galardones premian, por un jurado de prestigio presidido por Manuel Pimentel, la promoci\u00f3n de un nuevo liderazgo en el seno de las empresas a trav\u00e9s de acciones, h\u00e1bitos y comportamientos cuyo objetivo es el desarrollo del potencial de las personas, desde un enfoque hol\u00edstico, para abordar con [&hellip;]<\/p>\n","protected":false},"author":2,"featured_media":0,"parent":0,"menu_order":0,"comment_status":"closed","ping_status":"closed","template":"","meta":{"_et_pb_use_builder":"on","_et_pb_old_content":"","_et_gb_content_width":"","inline_featured_image":false,"footnotes":""},"class_list":["post-70","page","type-page","status-publish","hentry"],"_links":{"self":[{"href":"https:\/\/PremiosDUX.canalceo.com\/index.php?rest_route=\/wp\/v2\/pages\/70","targetHints":{"allow":["GET"]}}],"collection":[{"href":"https:\/\/PremiosDUX.canalceo.com\/index.php?rest_route=\/wp\/v2\/pages"}],"about":[{"href":"https:\/\/PremiosDUX.canalceo.com\/index.php?rest_route=\/wp\/v2\/types\/page"}],"author":[{"embeddable":true,"href":"https:\/\/PremiosDUX.canalceo.com\/index.php?rest_route=\/wp\/v2\/users\/2"}],"replies":[{"embeddable":true,"href":"https:\/\/PremiosDUX.canalceo.com\/index.php?rest_route=%2Fwp%2Fv2%2Fcomments&post=70"}],"version-history":[{"count":25,"href":"https:\/\/PremiosDUX.canalceo.com\/index.php?rest_route=\/wp\/v2\/pages\/70\/revisions"}],"predecessor-version":[{"id":324,"href":"https:\/\/PremiosDUX.canalceo.com\/index.php?rest_route=\/wp\/v2\/pages\/70\/revisions\/324"}],"wp:attachment":[{"href":"https:\/\/PremiosDUX.canalceo.com\/index.php?rest_route=%2Fwp%2Fv2%2Fmedia&parent=70"}],"curies":[{"name":"wp","href":"https:\/\/api.w.org\/{rel}","templated":true}]}}